{"id":50,"date":"2014-12-16T12:42:13","date_gmt":"2014-12-16T12:42:13","guid":{"rendered":"http:\/\/alisonwaveattitude.com\/?page_id=50"},"modified":"2016-03-04T14:09:38","modified_gmt":"2016-03-04T14:09:38","slug":"formation","status":"publish","type":"page","link":"https:\/\/alisonwaveattitude.com\/?page_id=50","title":{"rendered":"AWA PROJECTS"},"content":{"rendered":"<p><img decoding=\"async\" loading=\"lazy\" class=\"alignright wp-image-1538 size-large\" src=\"https:\/\/alisonwaveattitude.com\/wp-content\/uploads\/2014\/12\/20160304_121431-1024x576.jpg\" alt=\"20160304_121431\" width=\"604\" height=\"340\" srcset=\"https:\/\/alisonwaveattitude.com\/wp-content\/uploads\/2014\/12\/20160304_121431-1024x576.jpg 1024w, https:\/\/alisonwaveattitude.com\/wp-content\/uploads\/2014\/12\/20160304_121431-300x168.jpg 300w, https:\/\/alisonwaveattitude.com\/wp-content\/uploads\/2014\/12\/20160304_121431-533x300.jpg 533w\" sizes=\"(max-width: 604px) 100vw, 604px\" \/><\/p>\n<p><span style=\"color: #ff6600;\"><strong>AWA PROJECTS : SANT\u00c9 &#8211; SPORT &#8211; AVENTURE<br \/>\n<\/strong><\/span><\/p>\n<p><span style=\"color: #ff6600;\"><strong>Le Longe C\u00f4te est un sport n\u00e9 en France en 2005.<\/strong><\/span> Ce sport de <span style=\"color: #ff6600;\"><strong>pleine nature<\/strong><\/span> est compl\u00e8tement diff\u00e9rent des sports traditionnels : il permet de lib\u00e9rer une \u00e9nergie vitale essentielle et de <span style=\"color: #ff6600;\"><strong>construire des actions p\u00e9rennes principalement en faveur de la sant\u00e9 et de la performance sportive.<\/strong><\/span> En participant \u00e0 <span style=\"color: #ff6600;\"><strong>AWA PROJECTS<\/strong><\/span> vous soutenez le d\u00e9veloppement de <strong><span style=\"color: #ff6600;\">programmes innovants<\/span> <\/strong>dans le domaine du <span style=\"color: #ff6600;\"><strong>sport-sant\u00e9<\/strong><\/span> et du <strong><span style=\"color: #ff6600;\">sport de haut niveau<\/span><\/strong>.<\/p>\n<p>Le but d&rsquo;<span style=\"color: #ff6600;\"><strong>AWA PROJECTS<\/strong><\/span> est d&rsquo;associer \u00e9troitement les entreprises partenaires et les particuliers au d\u00e9veloppement d&rsquo;actions en lien avec une <span style=\"color: #ff6600;\"><em><strong>programmation originale et in\u00e9dite.<\/strong><span style=\"color: #000000;\"> L&rsquo;ensemble des actions visent \u00e0<\/span><strong> am\u00e9liorer la qualit\u00e9 sportive de la pratique du longe c\u00f4te <\/strong><span style=\"color: #000000;\">tout en donnant un<\/span> <strong>coup de projecteur sur Mandelieu, les Alpes-Maritimes et la r\u00e9gion PACA !<\/strong><\/em><\/span><\/p>\n<p>Le <span style=\"color: #99cc00;\"><strong>P<\/strong><strong>lan quadriennal d&rsquo;<span style=\"color: #ff6600;\">AWA PROJECTS<\/span> (2016-2019)<\/strong> <\/span>met en avant les actions suivantes :<br \/>\n&#8211; <span style=\"color: #99cc00;\"><strong>JUNIOR ATTITUDE <\/strong><span style=\"color: #000000;\">:<\/span> <\/span><span style=\"color: #000000;\">L<\/span>e d\u00e9veloppement de la pratique du Longe C\u00f4te pour les 12-18 ans.<br \/>\n&#8211; <span style=\"color: #99cc00;\"><strong>AWA SPORT<\/strong><\/span> et <span style=\"color: #99cc00;\"><strong>PERFORMANCE SPORTIVE<\/strong> <\/span>: Pratiques sportives crois\u00e9es : le Longe C\u00f4te sport intensif et de haut niveau non traumatisant.<br \/>\n&#8211; <a href=\"https:\/\/alisonwaveattitude.com\/?p=1522\" target=\"_blank\"><span style=\"color: #99cc00;\"><strong>SANT\u00c9<\/strong><\/span><\/a> : La <span style=\"color: #ff0000;\"><strong><a style=\"color: #ff0000;\" href=\"https:\/\/alisonwaveattitude.com\/?p=1522\" target=\"_blank\">Longe Th\u00e9rapie.<\/a><\/strong><\/span><br \/>\n&#8211; <span style=\"color: #99cc00;\"><strong>LONGE VITALIT\u00c9 (LONG\u00c9VIT\u00c9) <\/strong><\/span>: Le Longe C\u00f4te de 75 \u00e0 100 ans !<br \/>\n&#8211; <span style=\"color: #99cc00;\"><strong>TECHNOLOGIE d&rsquo;un SPORT de GLISSE<\/strong> <\/span>: mod\u00e9lisation biom\u00e9canique du longeur en action.<br \/>\n&#8211;<span style=\"color: #99cc00;\"><strong> SOCIOLOGIE<\/strong><\/span> et <span style=\"color: #99cc00;\"><strong>HISTOIRE<\/strong><\/span> du <strong><span style=\"color: #99cc00;\">Longe C\u00f4te<\/span><\/strong> : BDD des diff\u00e9rentes exp\u00e9riences.<br \/>\n&#8211; <span style=\"color: #99cc00;\"><strong>G\u00c9OGRAPHIE<\/strong><\/span> : Les Sentiers Bleus : carte de France des lieux de pratiques.<br \/>\n&#8211; <span style=\"color: #99cc00;\"><strong>EUROPE<\/strong><\/span> : Programme europ\u00e9en de d\u00e9veloppement du Longe C\u00f4te : Allemagne, Danemark, Su\u00e8de, Espagne, Portugal&#8230;<\/p>\n<p>Le <span style=\"color: #ff6600;\"><strong>club AWA<\/strong> <\/span>est une association loi 1901 d\u00e9clar\u00e9e <strong><span style=\"color: #ff6600;\"><em>d&rsquo;int\u00e9r\u00eat g\u00e9n\u00e9ral \u00e0 caract\u00e8re sportif, ouverte \u00e0 tous et \u00e0 but non lucratif.<\/em><\/span><\/strong> A ce titre, nous pouvons recevoir des dons qui, conform\u00e9ment \u00e0 la loi sur le m\u00e9c\u00e9nat du 1er ao\u00fbt 2003, sont <strong><span style=\"color: #ff6600;\">d\u00e9ductibles fiscalement \u00e0 hauteur de 60% de l&rsquo;imp\u00f4t [dans la limite de 5 \u2030 (5 pour mille) du chiffre d&rsquo;affaires annuel hors taxe (plafond appliqu\u00e9 \u00e0 l&rsquo;ensemble des versements effectu\u00e9s]<\/span>.<\/strong> Un re\u00e7u fiscal de don aux \u0153uvres est ainsi d\u00e9livr\u00e9 par le <span style=\"color: #ff6600;\"><strong>club AWA<\/strong><\/span>, que vous pourrez joindre \u00e0 votre d\u00e9claration fiscale.<\/p>\n<p><span style=\"color: #ff0000;\"><strong>ADH\u00c9SION annuelle \u00e0 AWA PROJECTS<\/strong><\/span><br \/>\n<em>Membre : personne, soci\u00e9t\u00e9 ou organisme. <img decoding=\"async\" loading=\"lazy\" class=\"alignright size-medium wp-image-1364\" src=\"https:\/\/alisonwaveattitude.com\/wp-content\/uploads\/2014\/12\/12466162_1099925283384845_7027694796070094976_o-400x300.jpg\" alt=\"12466162_1099925283384845_7027694796070094976_o\" width=\"400\" height=\"300\" srcset=\"https:\/\/alisonwaveattitude.com\/wp-content\/uploads\/2014\/12\/12466162_1099925283384845_7027694796070094976_o-400x300.jpg 400w, https:\/\/alisonwaveattitude.com\/wp-content\/uploads\/2014\/12\/12466162_1099925283384845_7027694796070094976_o-224x168.jpg 224w, https:\/\/alisonwaveattitude.com\/wp-content\/uploads\/2014\/12\/12466162_1099925283384845_7027694796070094976_o.jpg 1019w\" sizes=\"(max-width: 400px) 100vw, 400px\" \/><br \/>\n<\/em><\/p>\n<p>&#8211; <span style=\"color: #ff0000;\"><strong>Membre<\/strong> <strong>actif<\/strong> <\/span>: 100\u20ac \u00e0 500\u20ac (co\u00fbt apr\u00e8s r\u00e9duction fiscale de l&rsquo;imp\u00f4t sur le revenu : pour 100\u20ac = 34\u20ac). <span style=\"color: #99cc00;\"><strong>AVANTAGES<\/strong> <\/span>: Visibilit\u00e9 sur les supports de communication lors des comp\u00e9titions locales.<\/p>\n<p>&#8211; <span style=\"color: #ff0000;\"><strong>Membre bienfaiteur<\/strong> <\/span>: 600\u20ac \u00e0 1900\u20ac (co\u00fbt apr\u00e8s r\u00e9duction fiscale de l&rsquo;imp\u00f4t sur le revenu pour 1000\u20ac = 334\u20ac). <span style=\"color: #99cc00;\"><strong>AVANTAGES<\/strong> <\/span>: Visibilit\u00e9 sur les supports de communication lors des comp\u00e9titions locales et rencontres interclubs r\u00e9gionales et sur le site internet.<\/p>\n<p>&#8211; <span style=\"color: #ff0000;\"><strong>Membre \u00ab\u00a0privil\u00e8ge\u00a0\u00bb<\/strong> <\/span>: 2000\u20ac et plus (co\u00fbt apr\u00e8s r\u00e9duction fiscale de l&rsquo;imp\u00f4t sur le revenu pour 2000\u20ac = 668\u20ac).<br \/>\n<span style=\"color: #99cc00;\"><strong>AVANTAGES<\/strong><\/span> :<br \/>\n&#8211; Visibilit\u00e9 sur tous nos supports de communication.<br \/>\n&#8211; Possibilit\u00e9 d&rsquo;organiser sur une journ\u00e9e un \u00e9v\u00e9nement d&rsquo;entreprise sportif tous publics (jeunes, moins jeunes, sportifs ou pas) dans un esprit d&rsquo;\u00e9change et de convivialit\u00e9, sur mesure et \u00e0 la carte (initiations, challenges sportifs, excursions originales en rando longe avec possibilit\u00e9 restauration \u00e0 n\u00e9gocier &#8230;).<\/p>\n<p>&#8211; <span style=\"color: #ff0000;\"><strong>Membre sportif<\/strong> <\/span>: en sponsorisant (sur une valeur minimale de 200\u20ac) une rencontre sportive en lots remis aux comp\u00e9titeurs lors de la remise des prix.<\/p>\n<p><span style=\"color: #ff6600;\"><strong>PRODUITS AWA PROJECTS<\/strong><\/span><br \/>\n&#8211; <strong>Casquette AWA PROJECTS<\/strong> : <strong><span style=\"color: #ff0000;\">6\u20ac<\/span><\/strong><br \/>\n&#8211; <strong>SAC AWA PROJECTS<\/strong>, sac de plage \u00e9tanche : <span style=\"color: #ff0000;\"><strong>5\u20ac<\/strong><\/span><br \/>\n<strong>Le KIT Casquette+Sac<\/strong> = <span style=\"color: #ff0000;\"><strong>10\u20ac<\/strong><\/span><\/p>\n<h3><span style=\"color: #ff0000;\"><strong>Pour prendre contact <\/strong><\/span><br \/>\n<span style=\"color: #ff0000;\"><strong>&#8211; alisonwave@gmail.com <\/strong><\/span><br \/>\n<span style=\"color: #ff0000;\"><strong>&#8211; 06 73 60 56 34<\/strong> <\/span><\/h3>\n","protected":false},"excerpt":{"rendered":"<p>AWA PROJECTS : SANT\u00c9 &#8211; SPORT &#8211; AVENTURE Le Longe C\u00f4te est un sport n\u00e9 en France en 2005. Ce sport de pleine nature<a class=\"moretag\" href=\"https:\/\/alisonwaveattitude.com\/?page_id=50\">Read More&#8230;<\/a><\/p>\n","protected":false},"author":1,"featured_media":0,"parent":0,"menu_order":0,"comment_status":"closed","ping_status":"closed","template":"","meta":[],"_links":{"self":[{"href":"https:\/\/alisonwaveattitude.com\/index.php?rest_route=\/wp\/v2\/pages\/50"}],"collection":[{"href":"https:\/\/alisonwaveattitude.com\/index.php?rest_route=\/wp\/v2\/pages"}],"about":[{"href":"https:\/\/alisonwaveattitude.com\/index.php?rest_route=\/wp\/v2\/types\/page"}],"author":[{"embeddable":true,"href":"https:\/\/alisonwaveattitude.com\/index.php?rest_route=\/wp\/v2\/users\/1"}],"replies":[{"embeddable":true,"href":"https:\/\/alisonwaveattitude.com\/index.php?rest_route=%2Fwp%2Fv2%2Fcomments&post=50"}],"version-history":[{"count":35,"href":"https:\/\/alisonwaveattitude.com\/index.php?rest_route=\/wp\/v2\/pages\/50\/revisions"}],"predecessor-version":[{"id":1553,"href":"https:\/\/alisonwaveattitude.com\/index.php?rest_route=\/wp\/v2\/pages\/50\/revisions\/1553"}],"wp:attachment":[{"href":"https:\/\/alisonwaveattitude.com\/index.php?rest_route=%2Fwp%2Fv2%2Fmedia&parent=50"}],"curies":[{"name":"wp","href":"https:\/\/api.w.org\/{rel}","templated":true}]}}