{"id":38,"date":"2014-12-16T12:40:00","date_gmt":"2014-12-16T12:40:00","guid":{"rendered":"http:\/\/alisonwaveattitude.com\/?page_id=38"},"modified":"2021-10-31T14:41:14","modified_gmt":"2021-10-31T14:41:14","slug":"contact","status":"publish","type":"page","link":"https:\/\/alisonwaveattitude.com\/?page_id=38","title":{"rendered":"BUREAU AWA"},"content":{"rendered":"<p><span style=\"color: #3788be;\"><span style=\"color: #000000;\"><span style=\"color: #ff6600;\"><strong>Composition du bureau AWA INTERNATIONAL<\/strong><\/span><br \/>\n<\/span><\/span><\/p>\n<p><img decoding=\"async\" loading=\"lazy\" class=\"alignright wp-image-2478 size-large\" src=\"https:\/\/alisonwaveattitude.com\/wp-content\/uploads\/2014\/12\/AG-AWA-2017-1024x768.jpg\" alt=\"AG-AWA-2017\" width=\"604\" height=\"453\" srcset=\"https:\/\/alisonwaveattitude.com\/wp-content\/uploads\/2014\/12\/AG-AWA-2017-1024x768.jpg 1024w, https:\/\/alisonwaveattitude.com\/wp-content\/uploads\/2014\/12\/AG-AWA-2017-224x168.jpg 224w, https:\/\/alisonwaveattitude.com\/wp-content\/uploads\/2014\/12\/AG-AWA-2017-400x300.jpg 400w\" sizes=\"(max-width: 604px) 100vw, 604px\" \/><\/p>\n<p><strong><span style=\"color: #000000;\"><span style=\"color: #ff6600;\">Pr\u00e9sidente<\/span> : Sophie Chipon : 06 73 60 56 34<\/span><\/strong><\/p>\n<p><strong><span style=\"color: #ff6600;\">Tr\u00e9sorier<\/span> : Christine Th\u00e9ry : 06 64 88 60 41<br \/>\n<\/strong><\/p>\n<p><strong><span style=\"color: #ff6600;\">Secr\u00e9taire<\/span> : Monique C\u00e9cillon<br \/>\n<\/strong><\/p>\n<p><strong><span style=\"color: #ff6600;\">Tr\u00e9sori\u00e8re adjointe<\/span> : Brigitte Calles<br \/>\n<\/strong><\/p>\n<p><strong><span style=\"color: #ff6600;\">Secr\u00e9taire adjointe<\/span> : Pascale Barbaro<br \/>\n<\/strong><\/p>\n<p><strong><span style=\"color: #008000;\">Membres fondatrices<\/span> <\/strong><br \/>\n<span style=\"color: #808080;\"><strong>Lili Chavrier <\/strong><\/span><span style=\"color: #808080;\"><strong>et Sophie Chipon<\/strong><\/span><\/p>\n<p><span style=\"color: #008000;\"><strong><a style=\"color: #008000;\" href=\"mailto:alisonwave@gmail.com\">mail du club : alisonwave@gmail.com<\/a>\u00a0<\/strong><\/span><\/p>\n<p><span style=\"color: #ff6600;\"><strong>COMMISSIONS<\/strong><\/span><\/p>\n<ul>\n<li><span style=\"color: #ff6600;\"><strong>ZEN ATTITUDE\u00a0: Longe Th\u00e9rapie<\/strong><\/span><\/li>\n<\/ul>\n<p><em>Une \u00e9quipe<\/em> : Marie-H\u00e9l\u00e8ne Graziani, Sylvie Ferrero, Christine Piazza, Armandine Abry, Marceline de Cort\u00e8s, Dany Ginoux<\/p>\n<ul>\n<li><strong><span style=\"color: #ff6600;\">AWA POWER : Comp\u00e9tition<\/span><br \/>\n<\/strong><\/li>\n<\/ul>\n<p><em>Une \u00e9quipe<\/em> : Alison, Provence Roubaud, Dany Ginoux<\/p>\n<ul>\n<li><span style=\"color: #ff6600;\"><strong>ACAD\u00c9MIE <\/strong><strong>ALISON WAVE : jeunes de 10 \u00e0 25 ans<br \/>\n<\/strong><\/span><\/li>\n<\/ul>\n<p><em>Une \u00e9quipe<\/em>\u00a0: Dany Ginoux, Fran\u00e7oise Renard, Alison, Chantal Annonziata<br \/>\nUne ambassadrice : Justine Lecat<\/p>\n<ul>\n<li><strong><span style=\"color: #ff6600;\">HAPPY AWA : animation sur toutes les manifestations<\/span><br \/>\n<\/strong><\/li>\n<\/ul>\n<p><em>Une \u00e9quipe<\/em> : Claudie Rault, Dani\u00e8le Galangau<\/p>\n<ul>\n<li><strong><span style=\"color: #ff6600;\">AVENTURE AWA : s\u00e9jours et voyages<\/span><br \/>\n<\/strong><\/li>\n<\/ul>\n<p><em>Une \u00e9quipe<\/em> : Patricia Neuville, Sophie Chipon<\/p>\n","protected":false},"excerpt":{"rendered":"<p>Composition du bureau AWA INTERNATIONAL Pr\u00e9sidente : Sophie Chipon : 06 73 60 56 34 Tr\u00e9sorier : Christine Th\u00e9ry : 06 64 88 60<a class=\"moretag\" href=\"https:\/\/alisonwaveattitude.com\/?page_id=38\">Read More&#8230;<\/a><\/p>\n","protected":false},"author":1,"featured_media":0,"parent":0,"menu_order":0,"comment_status":"closed","ping_status":"closed","template":"","meta":[],"_links":{"self":[{"href":"https:\/\/alisonwaveattitude.com\/index.php?rest_route=\/wp\/v2\/pages\/38"}],"collection":[{"href":"https:\/\/alisonwaveattitude.com\/index.php?rest_route=\/wp\/v2\/pages"}],"about":[{"href":"https:\/\/alisonwaveattitude.com\/index.php?rest_route=\/wp\/v2\/types\/page"}],"author":[{"embeddable":true,"href":"https:\/\/alisonwaveattitude.com\/index.php?rest_route=\/wp\/v2\/users\/1"}],"replies":[{"embeddable":true,"href":"https:\/\/alisonwaveattitude.com\/index.php?rest_route=%2Fwp%2Fv2%2Fcomments&post=38"}],"version-history":[{"count":21,"href":"https:\/\/alisonwaveattitude.com\/index.php?rest_route=\/wp\/v2\/pages\/38\/revisions"}],"predecessor-version":[{"id":3019,"href":"https:\/\/alisonwaveattitude.com\/index.php?rest_route=\/wp\/v2\/pages\/38\/revisions\/3019"}],"wp:attachment":[{"href":"https:\/\/alisonwaveattitude.com\/index.php?rest_route=%2Fwp%2Fv2%2Fmedia&parent=38"}],"curies":[{"name":"wp","href":"https:\/\/api.w.org\/{rel}","templated":true}]}}