{"id":30,"date":"2014-12-16T12:38:23","date_gmt":"2014-12-16T12:38:23","guid":{"rendered":"http:\/\/alisonwaveattitude.com\/?page_id=30"},"modified":"2023-03-01T11:21:33","modified_gmt":"2023-03-01T11:21:33","slug":"actualite","status":"publish","type":"page","link":"https:\/\/alisonwaveattitude.com\/?page_id=30","title":{"rendered":"T\u00c9L\u00c9THON 2014"},"content":{"rendered":"<p><a href=\"https:\/\/alisonwaveattitude.com\/wp-content\/uploads\/2014\/12\/vignette_Bloc-2-Actualite.jpg\" data-rel=\"lightbox-image-0\" data-rl_title=\"\" data-rl_caption=\"\" title=\"\"><img decoding=\"async\" loading=\"lazy\" class=\"size-full wp-image-88 alignright\" src=\"https:\/\/alisonwaveattitude.com\/wp-content\/uploads\/2014\/12\/vignette_Bloc-2-Actualite.jpg\" alt=\"vignette_Bloc-2-Actualite\" width=\"300\" height=\"199\"><\/a>Le T\u00e9l\u00e9thon Alison Wave Attitude a organis\u00e9 pendant trois jours (5, 6 et 7 d\u00e9cembre 2014) des initiations longe compte non-stop sur la Croisette. La philosophie de cette animation \u00e9tait de faire du longe c\u00f4te un vecteur de g\u00e9n\u00e9rosit\u00e9 solidaire particuli\u00e8rement fort et original.<\/p>\n<p>En partenariat avec la Plage Royale qui nous a pr\u00eat\u00e9 ses locaux, Cannes Jeunesse (40 combinaisons), Interparking (entr\u00e9es\/sorties gratuites pour les b\u00e9n\u00e9voles), Seacom (impression de 2000 flyers), AOC (mise en page Flyer\/affiche) et CABESTO (flammes, teeshirts), 16 b\u00e9n\u00e9voles par demi-journ\u00e9es ont tout&nbsp;donn\u00e9 pour r\u00e9colter 6900\u20ac de&nbsp;dons pour le T\u00e9l\u00e9thon 2014.<\/p>\n","protected":false},"excerpt":{"rendered":"<p>Le T\u00e9l\u00e9thon Alison Wave Attitude a organis\u00e9 pendant trois jours (5, 6 et 7 d\u00e9cembre 2014) des initiations longe compte non-stop sur la Croisette.<a class=\"moretag\" href=\"https:\/\/alisonwaveattitude.com\/?page_id=30\">Read More&#8230;<\/a><\/p>\n","protected":false},"author":1,"featured_media":2865,"parent":0,"menu_order":0,"comment_status":"closed","ping_status":"closed","template":"","meta":[],"_links":{"self":[{"href":"https:\/\/alisonwaveattitude.com\/index.php?rest_route=\/wp\/v2\/pages\/30"}],"collection":[{"href":"https:\/\/alisonwaveattitude.com\/index.php?rest_route=\/wp\/v2\/pages"}],"about":[{"href":"https:\/\/alisonwaveattitude.com\/index.php?rest_route=\/wp\/v2\/types\/page"}],"author":[{"embeddable":true,"href":"https:\/\/alisonwaveattitude.com\/index.php?rest_route=\/wp\/v2\/users\/1"}],"replies":[{"embeddable":true,"href":"https:\/\/alisonwaveattitude.com\/index.php?rest_route=%2Fwp%2Fv2%2Fcomments&post=30"}],"version-history":[{"count":8,"href":"https:\/\/alisonwaveattitude.com\/index.php?rest_route=\/wp\/v2\/pages\/30\/revisions"}],"predecessor-version":[{"id":3108,"href":"https:\/\/alisonwaveattitude.com\/index.php?rest_route=\/wp\/v2\/pages\/30\/revisions\/3108"}],"wp:featuredmedia":[{"embeddable":true,"href":"https:\/\/alisonwaveattitude.com\/index.php?rest_route=\/wp\/v2\/media\/2865"}],"wp:attachment":[{"href":"https:\/\/alisonwaveattitude.com\/index.php?rest_route=%2Fwp%2Fv2%2Fmedia&parent=30"}],"curies":[{"name":"wp","href":"https:\/\/api.w.org\/{rel}","templated":true}]}}