{"id":172,"date":"2014-12-27T14:20:57","date_gmt":"2014-12-27T14:20:57","guid":{"rendered":"http:\/\/alisonwaveattitude.com\/?page_id=172"},"modified":"2025-11-18T13:35:47","modified_gmt":"2025-11-18T13:35:47","slug":"club-awa-3","status":"publish","type":"page","link":"https:\/\/alisonwaveattitude.com\/?page_id=172","title":{"rendered":"ADH\u00c9SION club AWA"},"content":{"rendered":"<p><img decoding=\"async\" loading=\"lazy\" class=\"alignright wp-image-2654 size-thumbnail\" src=\"https:\/\/alisonwaveattitude.com\/wp-content\/uploads\/2014\/12\/Logo-AWA-mono-pagaie-small-300x150.png\" alt=\"Logo-AWA-mono-pagaie-small\" width=\"300\" height=\"150\" srcset=\"https:\/\/alisonwaveattitude.com\/wp-content\/uploads\/2014\/12\/Logo-AWA-mono-pagaie-small-300x150.png 300w, https:\/\/alisonwaveattitude.com\/wp-content\/uploads\/2014\/12\/Logo-AWA-mono-pagaie-small.png 557w\" sizes=\"(max-width: 300px) 100vw, 300px\" \/>Le club <span style=\"color: #ff6600;\"><strong>ALISON WAVE ATTITUDE INTERNATIONAL<\/strong><\/span> a \u00e9t\u00e9 cr\u00e9\u00e9 le 27 mai 2014 \u00e0 Mandelieu La Napoule par Sophie Chipon (<em>alias<\/em> Alison Wave) et Lili Chavrier. C&rsquo;est un club de b\u00e9n\u00e9voles de type associatif, <strong>affili\u00e9 \u00e0 la F\u00e9d\u00e9ration fran\u00e7aise de randonn\u00e9e p\u00e9destre (FFRP).<\/strong> Historiquement, premier club de<strong><span style=\"color: #ff6600;\"> longe c\u00f4te\/marche aquatique<\/span> <\/strong>des Alpes-Maritimes, il compte \u00e0 ce jour plus de <span style=\"color: #ff6600;\"><strong>330 licenci\u00e9s<\/strong><\/span> encadr\u00e9s par <strong><span style=\"color: #ff6600;\">15 moniteurs f\u00e9d\u00e9raux et 15 encadrants secouristes.<span style=\"color: #000000;\"> Le club<\/span> AWA INTERNATIONAL<span style=\"color: #000000;\"> b\u00e9n\u00e9ficie du label<\/span> COTE d&rsquo;AZUR FRANCE <span style=\"color: #000000;\">et du<\/span> label LONGE COTE SANT\u00c9.<img decoding=\"async\" loading=\"lazy\" class=\"alignright size-full wp-image-2653\" src=\"https:\/\/alisonwaveattitude.com\/wp-content\/uploads\/2014\/12\/Cote-azur-france-logo-01.jpg\" alt=\"Cote-azur-france-logo-01\" width=\"192\" height=\"70\"><br><\/span><\/strong><\/p>\n<p><span style=\"color: #ff6600;\"><strong>Diff\u00e9rentes orientations au choix<\/strong><\/span><br><img decoding=\"async\" loading=\"lazy\" class=\"wp-image-3406 alignleft\" src=\"https:\/\/alisonwaveattitude.com\/wp-content\/uploads\/2025\/11\/ZEN.png\" alt=\"\" width=\"188\" height=\"188\" srcset=\"https:\/\/alisonwaveattitude.com\/wp-content\/uploads\/2025\/11\/ZEN.png 500w, https:\/\/alisonwaveattitude.com\/wp-content\/uploads\/2025\/11\/ZEN-300x300.png 300w, https:\/\/alisonwaveattitude.com\/wp-content\/uploads\/2025\/11\/ZEN-220x220.png 220w\" sizes=\"(max-width: 188px) 100vw, 188px\" \/>* <strong>ZEN Attitude<\/strong> : le longe c\u00f4te et la marche aquatique c\u00f4ti\u00e8re est indiqu\u00e9 pour les personnes souhaitant retrouver une activit\u00e9 physique : en r\u00e9mission, en maladie chronique, en convalescence, en r\u00e9\u00e9ducation, en surpoids&#8230;<\/p>\n\n\n<\/p>\n<p>\n\n\n<p><\/p>\n<p>* <strong>TONIC<\/strong> (<strong>sport loisir) <\/strong>&nbsp;: la convivialit\u00e9 est le mot d&rsquo;ordre des sorties longe c\u00f4te&#8230;<\/p>\n\n\n<\/p>\n<figure class=\"wp-block-image size-full\"><img decoding=\"async\" loading=\"lazy\" class=\"wp-image-3407 alignright\" src=\"https:\/\/alisonwaveattitude.com\/wp-content\/uploads\/2025\/11\/TONIC.png\" alt=\"\" width=\"223\" height=\"223\" srcset=\"https:\/\/alisonwaveattitude.com\/wp-content\/uploads\/2025\/11\/TONIC.png 500w, https:\/\/alisonwaveattitude.com\/wp-content\/uploads\/2025\/11\/TONIC-300x300.png 300w, https:\/\/alisonwaveattitude.com\/wp-content\/uploads\/2025\/11\/TONIC-220x220.png 220w\" sizes=\"(max-width: 223px) 100vw, 223px\" \/><\/figure>\n<p>\n\n\n<p>* <strong>TONIC +<\/strong> (<strong>sport intense)<\/strong> : s\u00e9ances toniques et exigeantes pour d\u00e9velopper ses capacit\u00e9s musculaires, et cardio-respiratoires. Am\u00e9liorer sa tonicit\u00e9 et redessiner sa silhouette. Sert de tremplin pour la comp\u00e9tition.<\/p>\n\n\n<\/p>\n<figure class=\"wp-block-image size-full\"><img decoding=\"async\" loading=\"lazy\" class=\"wp-image-3410 alignleft\" src=\"https:\/\/alisonwaveattitude.com\/wp-content\/uploads\/2025\/11\/TONIC-1-1.png\" alt=\"\" width=\"193\" height=\"193\" srcset=\"https:\/\/alisonwaveattitude.com\/wp-content\/uploads\/2025\/11\/TONIC-1-1.png 500w, https:\/\/alisonwaveattitude.com\/wp-content\/uploads\/2025\/11\/TONIC-1-1-300x300.png 300w, https:\/\/alisonwaveattitude.com\/wp-content\/uploads\/2025\/11\/TONIC-1-1-220x220.png 220w\" sizes=\"(max-width: 193px) 100vw, 193px\" \/><\/figure>\n<p>\n\n\n<p>* <strong>ACADEMIE ALISON WAVE<\/strong> (<strong>sport pour les jeunes)<\/strong><br>* <strong>MEGAWATT<\/strong> <strong>\/ TEAM AWA POWER<\/strong> (<strong>comp\u00e9tition) <\/strong>: entra\u00eenements dans l&rsquo;optique de la pr\u00e9paration du <em>Championnat de France : le prochain<\/em> aura lieu les 6 et 7 juin 2026 \u00e0 La Baule.<\/p>\n\n\n<img decoding=\"async\" loading=\"lazy\" class=\"wp-image-3411 alignright\" src=\"https:\/\/alisonwaveattitude.com\/wp-content\/uploads\/2025\/11\/MEGAWATT.png\" alt=\"\" width=\"183\" height=\"183\" srcset=\"https:\/\/alisonwaveattitude.com\/wp-content\/uploads\/2025\/11\/MEGAWATT.png 500w, https:\/\/alisonwaveattitude.com\/wp-content\/uploads\/2025\/11\/MEGAWATT-300x300.png 300w, https:\/\/alisonwaveattitude.com\/wp-content\/uploads\/2025\/11\/MEGAWATT-220x220.png 220w\" sizes=\"(max-width: 183px) 100vw, 183px\" \/><\/p>\n<p>\n\n\n<p><\/p>\n<p>* <strong>AWA SANTE<\/strong> avec deux s\u00e9ances par semaine sur prescription m\u00e9dicale.<\/p>\n<p><\/p>\n\n\n<\/p>\n<figure class=\"wp-block-image size-full\"><img decoding=\"async\" loading=\"lazy\" class=\"wp-image-3414 alignleft\" src=\"https:\/\/alisonwaveattitude.com\/wp-content\/uploads\/2025\/11\/AWA-Sante.png\" alt=\"\" width=\"179\" height=\"179\" srcset=\"https:\/\/alisonwaveattitude.com\/wp-content\/uploads\/2025\/11\/AWA-Sante.png 500w, https:\/\/alisonwaveattitude.com\/wp-content\/uploads\/2025\/11\/AWA-Sante-300x300.png 300w, https:\/\/alisonwaveattitude.com\/wp-content\/uploads\/2025\/11\/AWA-Sante-220x220.png 220w\" sizes=\"(max-width: 179px) 100vw, 179px\" \/><\/figure>\n<p>\n\n\n<p>* <strong>Accueil groupes et animation<\/strong> : formules \u00e0 la carte &nbsp;pour les entreprises, collectivit\u00e9s ou groupes de particuliers qui font appel au club AWA pour organiser des animations autour du longe c\u00f4te et\/ou de la marche aquatique : \u00e0 la demi-journ\u00e9e, la journ\u00e9e ou en formule stage sur plusieurs jours. Soit en tant qu&rsquo;activit\u00e9 physique de d\u00e9tente et\/ou d&rsquo;entra\u00eenement sportif, soit pour accompagner un \u00e9v\u00e9nement (anniversaire, comm\u00e9moration, f\u00eate&#8230;).<\/p>\n<p><span style=\"color: #ff6600;\"><strong>Le club AWA<\/strong><\/span> vous accueille, \u00e0 Mandelieu-La Napoule, pour pratiquer la Marche Aquatique jusu&rsquo;\u00e0 6 fois par semaine sur les <span style=\"color: #ff6600;\"><strong>13 s\u00e9ances hebdomadaires propos\u00e9es <\/strong><\/span>: les lundis, mercredis, vendredis, samedis matins entre 8h, 9h et 10h selon les saisons, les mardis et jeudis soir \u00e0 18h30 avec acc\u00e8s vestiaires au Centre nautique.<\/p>\n<h3 style=\"text-align: center;\"><span style=\"color: #ff0000;\">Programme hebdomadaire disponible sur <span style=\"color: #800080;\">l&rsquo;<a style=\"color: #800080;\" title=\"Agenda\" href=\"https:\/\/alisonwaveattitude.com\/?page_id=159\" target=\"_blank\" rel=\"noopener noreferrer\"><strong>Agenda<\/strong><\/a><\/span><\/span><\/h3>\n<p>Le club dispose de <strong>quatre&nbsp;spots<\/strong> de marche aquatique : <strong>1)<\/strong> \u00e0 <strong>Cannes La Bocca<\/strong> plage de Thales (200 m) ;<strong> 2)<\/strong> \u00e0 <strong>Mandelieu<\/strong>, plages des <strong>Dauphins<\/strong>, des <strong>Sables d&rsquo;or<\/strong> et <strong>Robinson<\/strong> ; <strong>3)<\/strong> <strong>La Napoule<\/strong> : Plage du Ch\u00e2teau (100 m). Un parcours TRAIL LONGE C\u00d4TE \/RANDO LONGE sur le Beach Stadium de Mandelieu. <img decoding=\"async\" loading=\"lazy\" class=\"alignright wp-image-194 size-large\" src=\"https:\/\/alisonwaveattitude.com\/wp-content\/uploads\/2014\/12\/Spot-Sables-dor-02-Copier-1024x530.jpg\" alt=\"Spot-Sables-dor-02 (Copier)\" width=\"604\" height=\"312\" srcset=\"https:\/\/alisonwaveattitude.com\/wp-content\/uploads\/2014\/12\/Spot-Sables-dor-02-Copier-1024x530.jpg 1024w, https:\/\/alisonwaveattitude.com\/wp-content\/uploads\/2014\/12\/Spot-Sables-dor-02-Copier-300x155.jpg 300w, https:\/\/alisonwaveattitude.com\/wp-content\/uploads\/2014\/12\/Spot-Sables-dor-02-Copier.jpg 1600w\" sizes=\"(max-width: 604px) 100vw, 604px\" \/><\/p>\n<p><b>R\u00e8glement<\/b> : pour d\u00e9couvrir l&rsquo;activit\u00e9, le club propose une s\u00e9ance d&rsquo;initiation en vue de l&rsquo;obtention du certificat de&nbsp;<span style=\"color: #ff6600;\"><strong>NEW WAVER<\/strong><strong>, <span style=\"color: #000000;\">indispensable pour entrer au club (10\u20ac)<\/span><\/strong><\/span><span style=\"color: #000000;\">. Le programme est disponible sur l&rsquo;onglet <span style=\"color: #ff6600;\"><a style=\"color: #ff6600;\" title=\"Agenda\" href=\"https:\/\/alisonwaveattitude.com\/?page_id=159\" target=\"_blank\" rel=\"noopener noreferrer\"><strong>Agenda<\/strong><\/a>.<\/span><br><\/span><\/p>\n<p>La <strong>cotisation annuelle<\/strong> s&rsquo;\u00e9l\u00e8ve \u00e0<strong> 120\u20ac (de septembre \u00e0 septembre).<\/strong>Tarif d\u00e9gressif dans l&rsquo;ann\u00e9e.<\/p>\n<h3 style=\"text-align: center;\"><strong>Si vous souhaitez renouveler votre adh\u00e9sion, envoyez un sms \u00e0 0673605634<\/strong><\/h3>\n<p><strong>La licence FFRandonn\u00e9e individuelle est obligatoire et co\u00fbte 31\u20ac.&nbsp;<\/strong><\/p>\n<p>Dans tous les cas, la <strong>licence<\/strong> et le&nbsp;<strong>certificat m\u00e9dical sont obligatoires pour la premi\u00e8re prise de licence. .&nbsp;<\/strong><\/p>\n<p>Toutes les sorties sont encadr\u00e9es par des moniteurs agr\u00e9\u00e9s f\u00e9d\u00e9raux de la <em>F\u00e9d\u00e9ration fran\u00e7aise de randonn\u00e9e<\/em> (FFRandonn\u00e9e) et <strong>une s\u00e9ance de longe c\u00f4te dure entre 45 minutes et 1h15<\/strong> selon le niveau du groupe.<\/p>\n<p><span style=\"color: #ff0000;\"><strong>CONTACTS<\/strong><\/span><br><strong>Sophie Chipon<\/strong> (pr\u00e9sidente, alias <em>Alison Wave)<\/em> : 06 73 60 56 34<\/p>\n<p><span style=\"color: #ff0000;\"><strong>alisonwave@gmail.com<\/strong><\/span><br><span style=\"color: #ff0000;\"><strong> <a style=\"color: #ff0000;\" href=\"http:\/\/www.facebook.com\/AlisonWaveAttitude\" target=\"_blank\" rel=\"noopener noreferrer\">Facebook AWA INTERNATIONAL<\/a><\/strong><\/span><\/p>\n<p><strong>Si\u00e8ge social<\/strong><br>8 avenue du G\u00e9n\u00e9ral de Gaulle<br>06210 Mandelieu La Napoule<\/p>\n<p><img decoding=\"async\" loading=\"lazy\" class=\"alignright wp-image-213 size-large\" src=\"https:\/\/alisonwaveattitude.com\/wp-content\/uploads\/2014\/12\/Groupe-telethon-sable-17-Copier-1024x681.jpg\" alt=\"\" width=\"604\" height=\"401\" srcset=\"https:\/\/alisonwaveattitude.com\/wp-content\/uploads\/2014\/12\/Groupe-telethon-sable-17-Copier-1024x681.jpg 1024w, https:\/\/alisonwaveattitude.com\/wp-content\/uploads\/2014\/12\/Groupe-telethon-sable-17-Copier-300x199.jpg 300w, https:\/\/alisonwaveattitude.com\/wp-content\/uploads\/2014\/12\/Groupe-telethon-sable-17-Copier.jpg 1600w\" sizes=\"(max-width: 604px) 100vw, 604px\" \/><\/p>\n<p><strong>Qu&rsquo;est-ce que le longe c\u00f4te ?<\/strong><br>* une discipline nautique qui consiste \u00e0 marcher en m<span class=\"text_exposed_show\">er avec une pagaie (de type kayak) avec un niveau d&rsquo;immersion entre le nombril et la poitrine. Imagin\u00e9e et d\u00e9velopp\u00e9e en 2005 par un entra\u00eeneur professionnel d\u2019aviron (Thomas Wallyn de Bray Dunes, au Nord de la France), en liaison avec un kin\u00e9, la technique met en exergue les avantages combin\u00e9s d\u2019un sport pour tous et des divers bienfaits du milieu marin.<br>* un <strong>sport collectif<\/strong> : soit en longe de trois, quatre, cinq ou neuf personnes (le ph\u00e9nom\u00e8ne d&rsquo;aspiration, comme en v\u00e9lo, joue beaucoup). On peut aussi longer en solitaire (tr\u00e8s difficile) et pr\u00e9parer les d\u00e9fis : 100 m\u00e8tres, 1000 m\u00e8tres !<br>* Le longe c\u00f4te <strong>s&rsquo;adresse aux hommes comme aux femmes de tout \u00e2ge et quelles que soient leurs conditions de sant\u00e9<\/strong>. Il n&rsquo;est pas imp\u00e9ratif de savoir nager. Les jeunes sont les bienvenus \u00e0 partir de 10 ans.<br>* Ce sport se pratique <strong>toute l&rsquo;ann\u00e9e<\/strong> : l&rsquo;\u00e9t\u00e9 en maillot et le reste de l&rsquo;ann\u00e9e en shorti ou combinaison int\u00e9grale avec chaussons et gants, voire cagoule. La pratique peut avoir lieu le jour comme la nuit, par tous les temps, soleil, vent, pluie, vagues&#8230; sauf forte temp\u00eate et orage. Le club organise parfois des s\u00e9ances lors de la pleine lune et des sorties combin\u00e9es : AQUA BEACH WALK entre Mandelieu et Cannes.<br><\/span><\/p>\n<p><strong>Le mat\u00e9riel<\/strong> n\u00e9cessaire, hormis la <strong>combinaison<\/strong> selon la saison, est la <strong>pagaie<\/strong> ou<strong> des gants<\/strong><strong>. <\/strong>Il existe des monos pagaies ou des doubles pagaies de longe c\u00f4te.<\/p>\n\n\n<p><\/p>\n\n\n\n<figure class=\"wp-block-image size-full\"><img decoding=\"async\" loading=\"lazy\" width=\"500\" height=\"500\" src=\"https:\/\/alisonwaveattitude.com\/wp-content\/uploads\/2025\/11\/ZEN.png\" alt=\"\" class=\"wp-image-3406\" srcset=\"https:\/\/alisonwaveattitude.com\/wp-content\/uploads\/2025\/11\/ZEN.png 500w, https:\/\/alisonwaveattitude.com\/wp-content\/uploads\/2025\/11\/ZEN-300x300.png 300w, https:\/\/alisonwaveattitude.com\/wp-content\/uploads\/2025\/11\/ZEN-220x220.png 220w\" sizes=\"(max-width: 500px) 100vw, 500px\" \/><\/figure>\n\n\n\n<figure class=\"wp-block-image size-full\"><img decoding=\"async\" loading=\"lazy\" width=\"500\" height=\"500\" src=\"https:\/\/alisonwaveattitude.com\/wp-content\/uploads\/2025\/11\/Sea-Walk-Paddle.png\" alt=\"\" class=\"wp-image-3408\" srcset=\"https:\/\/alisonwaveattitude.com\/wp-content\/uploads\/2025\/11\/Sea-Walk-Paddle.png 500w, https:\/\/alisonwaveattitude.com\/wp-content\/uploads\/2025\/11\/Sea-Walk-Paddle-300x300.png 300w, https:\/\/alisonwaveattitude.com\/wp-content\/uploads\/2025\/11\/Sea-Walk-Paddle-220x220.png 220w\" sizes=\"(max-width: 500px) 100vw, 500px\" \/><\/figure>\n\n\n\n<figure class=\"wp-block-image size-full\"><img decoding=\"async\" loading=\"lazy\" width=\"500\" height=\"500\" src=\"https:\/\/alisonwaveattitude.com\/wp-content\/uploads\/2025\/11\/TONIC.png\" alt=\"\" class=\"wp-image-3407\" srcset=\"https:\/\/alisonwaveattitude.com\/wp-content\/uploads\/2025\/11\/TONIC.png 500w, https:\/\/alisonwaveattitude.com\/wp-content\/uploads\/2025\/11\/TONIC-300x300.png 300w, https:\/\/alisonwaveattitude.com\/wp-content\/uploads\/2025\/11\/TONIC-220x220.png 220w\" sizes=\"(max-width: 500px) 100vw, 500px\" \/><\/figure>\n\n\n\n<figure class=\"wp-block-image size-full\"><img decoding=\"async\" loading=\"lazy\" width=\"500\" height=\"500\" src=\"https:\/\/alisonwaveattitude.com\/wp-content\/uploads\/2025\/11\/TONIC-1-1.png\" alt=\"\" class=\"wp-image-3410\" srcset=\"https:\/\/alisonwaveattitude.com\/wp-content\/uploads\/2025\/11\/TONIC-1-1.png 500w, https:\/\/alisonwaveattitude.com\/wp-content\/uploads\/2025\/11\/TONIC-1-1-300x300.png 300w, https:\/\/alisonwaveattitude.com\/wp-content\/uploads\/2025\/11\/TONIC-1-1-220x220.png 220w\" sizes=\"(max-width: 500px) 100vw, 500px\" \/><\/figure>\n\n\n\n<figure class=\"wp-block-image size-full\"><img decoding=\"async\" loading=\"lazy\" width=\"500\" height=\"500\" src=\"https:\/\/alisonwaveattitude.com\/wp-content\/uploads\/2025\/11\/MEGAWATT.png\" alt=\"\" class=\"wp-image-3411\" srcset=\"https:\/\/alisonwaveattitude.com\/wp-content\/uploads\/2025\/11\/MEGAWATT.png 500w, https:\/\/alisonwaveattitude.com\/wp-content\/uploads\/2025\/11\/MEGAWATT-300x300.png 300w, https:\/\/alisonwaveattitude.com\/wp-content\/uploads\/2025\/11\/MEGAWATT-220x220.png 220w\" sizes=\"(max-width: 500px) 100vw, 500px\" \/><\/figure>\n\n\n\n<figure class=\"wp-block-image size-full\"><img decoding=\"async\" loading=\"lazy\" width=\"500\" height=\"500\" src=\"https:\/\/alisonwaveattitude.com\/wp-content\/uploads\/2025\/11\/AWA-mentalist.png\" alt=\"\" class=\"wp-image-3412\" srcset=\"https:\/\/alisonwaveattitude.com\/wp-content\/uploads\/2025\/11\/AWA-mentalist.png 500w, https:\/\/alisonwaveattitude.com\/wp-content\/uploads\/2025\/11\/AWA-mentalist-300x300.png 300w, https:\/\/alisonwaveattitude.com\/wp-content\/uploads\/2025\/11\/AWA-mentalist-220x220.png 220w\" sizes=\"(max-width: 500px) 100vw, 500px\" \/><\/figure>\n\n\n\n<figure class=\"wp-block-image size-full\"><img decoding=\"async\" loading=\"lazy\" width=\"500\" height=\"500\" src=\"https:\/\/alisonwaveattitude.com\/wp-content\/uploads\/2025\/11\/AWA-Sante.png\" alt=\"\" class=\"wp-image-3414\" srcset=\"https:\/\/alisonwaveattitude.com\/wp-content\/uploads\/2025\/11\/AWA-Sante.png 500w, https:\/\/alisonwaveattitude.com\/wp-content\/uploads\/2025\/11\/AWA-Sante-300x300.png 300w, https:\/\/alisonwaveattitude.com\/wp-content\/uploads\/2025\/11\/AWA-Sante-220x220.png 220w\" sizes=\"(max-width: 500px) 100vw, 500px\" \/><\/figure>\n\n\n\n<figure class=\"wp-block-image size-full\"><img decoding=\"async\" loading=\"lazy\" width=\"500\" height=\"500\" src=\"https:\/\/alisonwaveattitude.com\/wp-content\/uploads\/2025\/11\/TEAM-AWA-POWER-1.png\" alt=\"\" class=\"wp-image-3415\" srcset=\"https:\/\/alisonwaveattitude.com\/wp-content\/uploads\/2025\/11\/TEAM-AWA-POWER-1.png 500w, https:\/\/alisonwaveattitude.com\/wp-content\/uploads\/2025\/11\/TEAM-AWA-POWER-1-300x300.png 300w, https:\/\/alisonwaveattitude.com\/wp-content\/uploads\/2025\/11\/TEAM-AWA-POWER-1-220x220.png 220w\" sizes=\"(max-width: 500px) 100vw, 500px\" \/><\/figure>\n","protected":false},"excerpt":{"rendered":"<p>Le club ALISON WAVE ATTITUDE INTERNATIONAL a \u00e9t\u00e9 cr\u00e9\u00e9 le 27 mai 2014 \u00e0 Mandelieu La Napoule par Sophie Chipon (alias Alison Wave) et<a class=\"moretag\" href=\"https:\/\/alisonwaveattitude.com\/?page_id=172\">Read More&#8230;<\/a><\/p>\n","protected":false},"author":1,"featured_media":0,"parent":0,"menu_order":0,"comment_status":"closed","ping_status":"closed","template":"","meta":[],"_links":{"self":[{"href":"https:\/\/alisonwaveattitude.com\/index.php?rest_route=\/wp\/v2\/pages\/172"}],"collection":[{"href":"https:\/\/alisonwaveattitude.com\/index.php?rest_route=\/wp\/v2\/pages"}],"about":[{"href":"https:\/\/alisonwaveattitude.com\/index.php?rest_route=\/wp\/v2\/types\/page"}],"author":[{"embeddable":true,"href":"https:\/\/alisonwaveattitude.com\/index.php?rest_route=\/wp\/v2\/users\/1"}],"replies":[{"embeddable":true,"href":"https:\/\/alisonwaveattitude.com\/index.php?rest_route=%2Fwp%2Fv2%2Fcomments&post=172"}],"version-history":[{"count":62,"href":"https:\/\/alisonwaveattitude.com\/index.php?rest_route=\/wp\/v2\/pages\/172\/revisions"}],"predecessor-version":[{"id":3419,"href":"https:\/\/alisonwaveattitude.com\/index.php?rest_route=\/wp\/v2\/pages\/172\/revisions\/3419"}],"wp:attachment":[{"href":"https:\/\/alisonwaveattitude.com\/index.php?rest_route=%2Fwp%2Fv2%2Fmedia&parent=172"}],"curies":[{"name":"wp","href":"https:\/\/api.w.org\/{rel}","templated":true}]}}