{"id":159,"date":"2014-12-27T13:14:11","date_gmt":"2014-12-27T13:14:11","guid":{"rendered":"http:\/\/alisonwaveattitude.com\/?page_id=159"},"modified":"2025-11-18T13:36:38","modified_gmt":"2025-11-18T13:36:38","slug":"agenda","status":"publish","type":"page","link":"https:\/\/alisonwaveattitude.com\/?page_id=159","title":{"rendered":"PLANNING SEANCES"},"content":{"rendered":"\n<div class=\"is-layout-flow wp-block-group\"><div class=\"wp-block-group__inner-container\">\n<h4><span style=\"color: #ff6600;\"><strong>AGENDA hebdomadaire <\/strong><\/span><\/h4>\n\n\n\n<figure class=\"wp-block-image size-large\"><img decoding=\"async\" loading=\"lazy\" width=\"1024\" height=\"576\" src=\"https:\/\/alisonwaveattitude.com\/wp-content\/uploads\/2025\/11\/Planning-seances-2025-communication-hiver-1-1024x576.png\" alt=\"\" class=\"wp-image-3402\" srcset=\"https:\/\/alisonwaveattitude.com\/wp-content\/uploads\/2025\/11\/Planning-seances-2025-communication-hiver-1-1024x576.png 1024w, https:\/\/alisonwaveattitude.com\/wp-content\/uploads\/2025\/11\/Planning-seances-2025-communication-hiver-1-533x300.png 533w, https:\/\/alisonwaveattitude.com\/wp-content\/uploads\/2025\/11\/Planning-seances-2025-communication-hiver-1-300x168.png 300w, https:\/\/alisonwaveattitude.com\/wp-content\/uploads\/2025\/11\/Planning-seances-2025-communication-hiver-1-768x432.png 768w, https:\/\/alisonwaveattitude.com\/wp-content\/uploads\/2025\/11\/Planning-seances-2025-communication-hiver-1.png 1239w\" sizes=\"(max-width: 1024px) 100vw, 1024px\" \/><\/figure>\n\n\n\n<h5><span style=\"color: #ff0000;\"><strong>S\u00c9ANCES d\u2019initiation \u00e0 la marche aquatique pour obtenir le dipl\u00f4me de NEW WAVER indispensable pour entrer au club AWA.<\/strong> <strong>10\u20ac la s\u00e9ance mat\u00e9riel fourni (sauf chaussures). <\/strong><\/span><\/h5>\n\n\n\n<h5><strong>Pour tout renseignement envoyez un message \u00e9crit au 0673605634 ou&nbsp; envoyez un mail \u00e0 alisonwave@gmail.com<\/strong>  <span style=\"color: #ff0000;\"><\/span><\/h5>\n<\/div><\/div>\n\n\n\n<p><strong>Prochaine s\u00e9ance d\u2019initiation <\/strong>: <strong>11h15,<\/strong> <strong>samedi 06 d\u00e9cembre 2025<\/strong><\/p>\n\n\n\n<p><strong>Mat\u00e9riel n\u00e9cessaire : un maillot une pi\u00e8ce de pr\u00e9f\u00e9rence, de vieilles baskets ou des chaussures aquatiques. La combinaison vous est propos\u00e9e <\/strong>lors de votre inscription.<\/p>\n\n\n\n<p><strong>Inscriptions en ligne (10\u20ac\/personne) <a href=\"https:\/\/alison-wave-attitude.s2.yapla.com\/fr\/event-97545\" target=\"_blank\" rel=\"noreferrer noopener\">CLIQUEZ ICI<\/a><\/strong><\/p>\n\n\n\n<p><strong>Pour tout renseignement ENVOYEZ un message \u00e9crit au 0673605634, de pr\u00e9f\u00e9rence par whatsapp ou&nbsp;envoyez un mail \u00e0 alisonwave@gmail.com<\/strong> <strong>sinon inscrivez-vous en ligne ci-dessous ! Inscriptions en ligne (10\u20ac\/personne) <a href=\"https:\/\/alison-wave-attitude.s2.yapla.com\/fr\/event-97545\" target=\"_blank\" rel=\"noreferrer noopener\">CLIQUEZ ICI<\/a><\/strong><\/p>\n","protected":false},"excerpt":{"rendered":"<p>AGENDA hebdomadaire S\u00c9ANCES d\u2019initiation \u00e0 la marche aquatique pour obtenir le dipl\u00f4me de NEW WAVER indispensable pour entrer au club AWA. 10\u20ac la s\u00e9ance<a class=\"moretag\" href=\"https:\/\/alisonwaveattitude.com\/?page_id=159\">Read More&#8230;<\/a><\/p>\n","protected":false},"author":1,"featured_media":0,"parent":0,"menu_order":0,"comment_status":"closed","ping_status":"closed","template":"","meta":[],"_links":{"self":[{"href":"https:\/\/alisonwaveattitude.com\/index.php?rest_route=\/wp\/v2\/pages\/159"}],"collection":[{"href":"https:\/\/alisonwaveattitude.com\/index.php?rest_route=\/wp\/v2\/pages"}],"about":[{"href":"https:\/\/alisonwaveattitude.com\/index.php?rest_route=\/wp\/v2\/types\/page"}],"author":[{"embeddable":true,"href":"https:\/\/alisonwaveattitude.com\/index.php?rest_route=\/wp\/v2\/users\/1"}],"replies":[{"embeddable":true,"href":"https:\/\/alisonwaveattitude.com\/index.php?rest_route=%2Fwp%2Fv2%2Fcomments&post=159"}],"version-history":[{"count":511,"href":"https:\/\/alisonwaveattitude.com\/index.php?rest_route=\/wp\/v2\/pages\/159\/revisions"}],"predecessor-version":[{"id":3420,"href":"https:\/\/alisonwaveattitude.com\/index.php?rest_route=\/wp\/v2\/pages\/159\/revisions\/3420"}],"wp:attachment":[{"href":"https:\/\/alisonwaveattitude.com\/index.php?rest_route=%2Fwp%2Fv2%2Fmedia&parent=159"}],"curies":[{"name":"wp","href":"https:\/\/api.w.org\/{rel}","templated":true}]}}