{"id":1438,"date":"2016-01-15T13:45:24","date_gmt":"2016-01-15T13:45:24","guid":{"rendered":"http:\/\/alisonwaveattitude.com\/?page_id=1438"},"modified":"2018-08-10T18:23:32","modified_gmt":"2018-08-10T18:23:32","slug":"stages","status":"publish","type":"page","link":"https:\/\/alisonwaveattitude.com\/?page_id=1438","title":{"rendered":"ACAD\u00c9MIE ALISON WAVE"},"content":{"rendered":"<p><img decoding=\"async\" loading=\"lazy\" class=\"wp-image-1979 size-medium alignleft\" src=\"https:\/\/alisonwaveattitude.com\/wp-content\/uploads\/2016\/01\/2016-08-29-22.59.47-242x300.jpg\" alt=\"2016-08-29 22.59.47\" width=\"242\" height=\"300\" srcset=\"https:\/\/alisonwaveattitude.com\/wp-content\/uploads\/2016\/01\/2016-08-29-22.59.47-242x300.jpg 242w, https:\/\/alisonwaveattitude.com\/wp-content\/uploads\/2016\/01\/2016-08-29-22.59.47-135x168.jpg 135w, https:\/\/alisonwaveattitude.com\/wp-content\/uploads\/2016\/01\/2016-08-29-22.59.47.jpg 616w\" sizes=\"(max-width: 242px) 100vw, 242px\" \/><\/p>\n<p>&nbsp;<\/p>\n<p>L&rsquo;<span style=\"color: #0000ff;\"><strong>ACAD\u00c9MIE ALISON WAVE<\/strong><\/span> est un <span style=\"color: #000000;\">Centre sportif d\u00e9di\u00e9 \u00e0 la Marche aquatique \/ Longe C\u00f4te pour les jeunes de 10 \u00e0 25 ans, elle est <\/span><span style=\"color: #ff6600;\"><strong>dirig\u00e9e par Dany Ginoux avec \u00e0 ses c\u00f4t\u00e9s : <span style=\"color: #000000;\">Fran\u00e7oise Renard, Chantal Annonziata, Andr\u00e9 Chipon et Sophie Chipon.<\/span><\/strong><\/span><\/p>\n<h2 style=\"text-align: center;\"><strong><span style=\"color: #0000ff;\">STAGE de D\u00c9COUVERTE<br \/>\n<\/span><\/strong><\/h2>\n<h2 style=\"text-align: center;\"><span style=\"color: #ff00ff;\"><strong>dimanche 2 septembre 2018 : 9h-12h, plage des Dauphins \u00e0 Mandelieu<br \/>\n<\/strong><\/span><\/h2>\n<p style=\"text-align: center;\"><strong><span style=\"color: #ff00ff;\"><span style=\"color: #0000ff;\">D\u00e9but des cours :<\/span> mercredi 5 septembre 2018 de 14h30 \u00e0 16h30 au<br \/>\nCentre nautique les Voiles de L\u00e9rins \u00e0 Mandelieu La Napoule<br \/>\n<\/span><\/strong><\/p>\n<h2><a href=\"https:\/\/alison-wave-attitude.pepsup.com\/campagne-adhesion\" target=\"_blank\">INSCRIPTIONS annuelles en LIGNE <\/a><\/h2>\n<p><span style=\"color: #ff6600;\"><span style=\"color: #000000;\">Cette <\/span><\/span><span style=\"color: #000000;\">A<\/span>cad\u00e9mie a une <strong><span style=\"color: #0000ff;\">double ambition<\/span><\/strong> :<\/p>\n<p><span style=\"color: #ff6600;\"><strong>AMBITION <span style=\"color: #ff6600;\">\u00c9<\/span>THIQUE <\/strong><\/span>avec trois th\u00e9matiques p\u00e9dagogiques d\u00e9velopp\u00e9es sur trois trimestres\u00a0:<\/p>\n<ul>\n<li><span style=\"color: #0000ff;\"><strong>N<\/strong><strong>EW LIFE<\/strong> (octobre \u00e0 d\u00e9cembre)<\/span> : <span style=\"color: #ff6600;\"><strong>Respecter et comprendre la nature<\/strong>\u00a0:<\/span> d\u00e9couverte du monde marin et de l\u2019\u00e9cosyst\u00e8me du littoral azur\u00e9en, protection de l&rsquo;environnement\u00a0: la s\u00e9curit\u00e9 en mer, appr\u00e9hender les dangers et former des \u00e9co-citoyens, appr\u00e9cier les bienfaits de la mer.<\/li>\n<li>\n<dl id=\"attachment_1975\" class=\"wp-caption alignleft\" style=\"width: 379px;\">\n<dt class=\"wp-caption-dt\"><img decoding=\"async\" loading=\"lazy\" class=\"wp-image-1975 size-medium\" src=\"https:\/\/alisonwaveattitude.com\/wp-content\/uploads\/2016\/01\/2016-08-29-22.57.57-369x300.jpg\" alt=\"2016-08-29 22.57.57\" width=\"369\" height=\"300\" srcset=\"https:\/\/alisonwaveattitude.com\/wp-content\/uploads\/2016\/01\/2016-08-29-22.57.57-369x300.jpg 369w, https:\/\/alisonwaveattitude.com\/wp-content\/uploads\/2016\/01\/2016-08-29-22.57.57-207x168.jpg 207w, https:\/\/alisonwaveattitude.com\/wp-content\/uploads\/2016\/01\/2016-08-29-22.57.57-1024x832.jpg 1024w, https:\/\/alisonwaveattitude.com\/wp-content\/uploads\/2016\/01\/2016-08-29-22.57.57.jpg 1540w\" sizes=\"(max-width: 369px) 100vw, 369px\" \/> <\/dt>\n<\/dl>\n<p>&nbsp;<\/li>\n<li style=\"text-align: left;\"><span style=\"color: #0000ff;\"><strong>NEW BODY<\/strong> (janvier \u00e0 mars)<\/span> : <span style=\"color: #ff6600;\"><strong>Sant\u00e9 et bien-\u00eatre<\/strong><\/span>\u00a0: d\u00e9couverte et hygi\u00e8ne de son corps, hygi\u00e8ne alimentaire dont l&rsquo;hydratation en particulier, ma\u00eetrise du stress, concentration, s\u00e9r\u00e9nit\u00e9. Prendre la mesure de la dimension sportive du Longe C\u00f4te.<img decoding=\"async\" loading=\"lazy\" class=\"wp-image-1906 size-medium alignright\" src=\"https:\/\/alisonwaveattitude.com\/wp-content\/uploads\/2016\/01\/2016-08-29-22.29.22-411x300.jpg\" alt=\"2016-08-29 22.29.22\" width=\"411\" height=\"300\" srcset=\"https:\/\/alisonwaveattitude.com\/wp-content\/uploads\/2016\/01\/2016-08-29-22.29.22-411x300.jpg 411w, https:\/\/alisonwaveattitude.com\/wp-content\/uploads\/2016\/01\/2016-08-29-22.29.22-230x168.jpg 230w, https:\/\/alisonwaveattitude.com\/wp-content\/uploads\/2016\/01\/2016-08-29-22.29.22-1024x748.jpg 1024w\" sizes=\"(max-width: 411px) 100vw, 411px\" \/><\/li>\n<li style=\"text-align: left;\"><span style=\"color: #0000ff;\"><strong>SUMMER SPIRIT <\/strong>(avril \u00e0 juin)<\/span> : <span style=\"color: #ff6600;\"><strong>Sport et solidarit\u00e9<\/strong><\/span>\u00a0: d\u00e9couverte de l&rsquo;esprit d&rsquo;\u00e9quipe et de l&rsquo;entraide dans l&rsquo;effort et le d\u00e9passement de soi.<img decoding=\"async\" loading=\"lazy\" class=\"wp-image-1946 size-medium alignleft\" src=\"https:\/\/alisonwaveattitude.com\/wp-content\/uploads\/2016\/01\/2016-08-29-22.45.01-425x300.jpg\" alt=\"2016-08-29 22.45.01\" width=\"425\" height=\"300\" srcset=\"https:\/\/alisonwaveattitude.com\/wp-content\/uploads\/2016\/01\/2016-08-29-22.45.01-425x300.jpg 425w, https:\/\/alisonwaveattitude.com\/wp-content\/uploads\/2016\/01\/2016-08-29-22.45.01-238x168.jpg 238w, https:\/\/alisonwaveattitude.com\/wp-content\/uploads\/2016\/01\/2016-08-29-22.45.01.jpg 902w\" sizes=\"(max-width: 425px) 100vw, 425px\" \/><\/li>\n<\/ul>\n<p>&nbsp;<\/p>\n<p><span style=\"color: #ff6600;\"><strong>AMBITION SPORTIVE<\/strong><\/span> avec l\u2019initiation au longe c\u00f4te et la pr\u00e9paration des jeunes pour les RDV sportifs locaux, r\u00e9gionaux, nationaux et internationaux.<\/p>\n<p>L\u2019ACAD\u00c9MIE Alison Wave est une <span style=\"color: #0000ff;\"><strong>p\u00e9pini\u00e8re<\/strong><\/span> o\u00f9 certains jeunes vont se r\u00e9v\u00e9ler comme comp\u00e9titeurs. Nous leur offrons la possibilit\u00e9 de <strong><span style=\"color: #0000ff;\">se diriger vers le p\u00f4le comp\u00e9tition<\/span> <\/strong>pour se pr\u00e9parer aux diff\u00e9rents RDV sportifs de longe c\u00f4te.<\/p>\n<p>&nbsp;<\/p>\n<p>L\u2019<span style=\"color: #0000ff;\"><strong>ACAD\u00c9MIE ALISON WAVE<\/strong><\/span> organise aussi des <span style=\"color: #0000ff;\"><strong>stages<\/strong><\/span> de deux \u00e0 cinq jours avec h\u00e9bergement pour diff\u00e9rents publics (planning en cours) :<\/p>\n<ul>\n<li><span style=\"color: #0000ff;\"><strong> Stages pour les jeunes<\/strong><\/span> de l\u2019Acad\u00e9mie aux p\u00e9riodes de vacances.<\/li>\n<li><strong><span style=\"color: #0000ff;\">Stages comp\u00e9tition de longe c\u00f4te<\/span><\/strong> pour les diff\u00e9rentes cat\u00e9gories.<\/li>\n<li><span style=\"color: #0000ff;\"><strong>Stages AWA POWER<\/strong> de pr\u00e9paration physique et r\u00e9cup\u00e9ration<\/span> \u00e0 base de longe c\u00f4te pour les sportifs issus d\u2019autres disciplines sportives.<\/li>\n<li><span style=\"color: #0000ff;\"><strong>Stages WATER WALKING SPIRIT <\/strong>(tous publics)<\/span> \u00e0 destination des CE d\u2019entreprise, de groupes publics ou priv\u00e9s qui souhaitent travailler la coh\u00e9sion de groupe, ou certaines valeurs (le d\u00e9passement de soi, l\u2019entraide, la reconstruction d\u2019un projet\u2026)\u2026<\/li>\n<\/ul>\n<p><img decoding=\"async\" loading=\"lazy\" class=\" wp-image-1986 size-medium aligncenter\" src=\"https:\/\/alisonwaveattitude.com\/wp-content\/uploads\/2016\/01\/2016-08-29_22.35.461-534x300.jpg\" alt=\"2016-08-29_22.35.46[1]\" width=\"534\" height=\"300\" srcset=\"https:\/\/alisonwaveattitude.com\/wp-content\/uploads\/2016\/01\/2016-08-29_22.35.461-534x300.jpg 534w, https:\/\/alisonwaveattitude.com\/wp-content\/uploads\/2016\/01\/2016-08-29_22.35.461-300x168.jpg 300w, https:\/\/alisonwaveattitude.com\/wp-content\/uploads\/2016\/01\/2016-08-29_22.35.461-1024x575.jpg 1024w, https:\/\/alisonwaveattitude.com\/wp-content\/uploads\/2016\/01\/2016-08-29_22.35.461.jpg 1884w\" sizes=\"(max-width: 534px) 100vw, 534px\" \/><\/p>\n<p><strong>Les s\u00e9ances propos\u00e9es aux membres de l&rsquo;ACAD\u00c9MIE ALISON WAVE ont lieu hors vacances scolaires :<\/strong><br \/>\n<span style=\"color: #ff6600;\"><strong> &#8211; le mercredi de 14h30 \u00e0 16h30<\/strong><\/span><br \/>\n<span style=\"color: #ff6600;\"><strong> &#8211; le samedi de 10h \u00e0 11h30<\/strong><\/span><\/p>\n<p><strong>Organis\u00e9es \u00e0 Mandelieu (plages Robinson, Sables d&rsquo;or et Dauphins), ces s\u00e9ances comprennent :<\/strong><br \/>\n&#8211; <strong>1h \u00e0 1h15 de pratique du longe c\u00f4te<\/strong> encadr\u00e9e en groupes de niveau<br \/>\n&#8211; l&rsquo;acquisition des donn\u00e9es relatives au <strong>programme d&rsquo;accompagnement<\/strong> de votre enfant tel que d\u00e9crit ci-dessus (<strong>NEW LIFE, NEW BODY et SUMMER SPIRIT<\/strong>) avec un suivi consign\u00e9 dans un <strong>PASSEPORT AWA<\/strong><br \/>\n&#8211; les <strong>passages de grades<\/strong> : <span style=\"color: #ff0000;\"><span style=\"color: #000000;\">pagaie <strong>blanche, <span style=\"color: #0000ff;\">bleue<\/span>, <span style=\"color: #ffff00;\">jaune<\/span>, <span style=\"color: #ff6600;\">orange<\/span> et<\/strong><\/span><strong> rouge<\/strong><\/span> organis\u00e9s tous les trimestres<br \/>\n&#8211; une<strong> collation<\/strong><\/p>\n<p><strong><span style=\"color: #ff0000;\">Pour s&rsquo;inscrire :<\/span> <\/strong>un <strong>certificat m\u00e9dical est indispensable avec la mention APTE \u00e0 la pratique du longe c\u00f4te en comp\u00e9tition<\/strong> + une photo d&rsquo;identit\u00e9.<\/p>\n<h3><span style=\"color: #ff0000;\"><strong>TARIFS ACAD\u00c9MIE<br \/>\n<\/strong><\/span><\/h3>\n<p>&#8211;<span style=\"color: #ff0000;\"><strong> 30\u20ac de licence<\/strong><\/span> de la <span style=\"color: #0000ff;\"><strong>F\u00e9d\u00e9ration fran\u00e7aise de la Randonn\u00e9e<\/strong><\/span> (obligatoire)<\/p>\n<p><span style=\"color: #0000ff;\"><strong>Pour deux sessions par semaine (le mercredi ET le samedi)<\/strong><\/span><br \/>\n<span style=\"color: #ff0000;\"><strong>&#8211; 150\u20ac \/ de septembre \u00e0 juin hors vacances scolaires<\/strong> <\/span>(payable en trois fois) : <strong>cela permet d&rsquo;avoir 50% de r\u00e9duction sur les stages organis\u00e9s aux vacances scolaires et une prise en charge partielle lors des d\u00e9placements pour les comp\u00e9titions.<br \/>\n<\/strong><\/p>\n<p><strong>Pour les familles nombreuses : <span style=\"color: #ff0000;\">150\u20ac pour le 1er enfant (3&#215;50\u20ac), 135\u20ac pour le 2e enfant (3&#215;45\u20ac), 120\u20ac pour le 3e enfant (3&#215;40\u20ac).<\/span><\/strong><\/p>\n<p>Pour les jeunes inscrits \u00e0 l&rsquo;Acad\u00e9mie et en capacit\u00e9 de longer en club (<strong>niveau <span style=\"color: #0000ff;\">pagaie bleue<\/span><\/strong>), l&rsquo;acc\u00e8s aux s\u00e9ances club est inclus dans leur inscription si la directrice de l&rsquo;Acad\u00e9mie donne son accord.<\/p>\n<h5 style=\"text-align: center;\"><strong><span style=\"color: #800080;\">L&rsquo;ACADEMIE ALISON WAVE est partenaire du programme m\u00e9diterran\u00e9en<\/span> <span style=\"color: #ff0000;\"><a style=\"color: #ff0000;\" href=\"http:\/\/www.longecotemediterranee.fr\/international\/\" target=\"_blank\">MOANA WAVE 2018<\/a><\/span>. <span style=\"color: #800080;\">Les membres de l&rsquo;Acad\u00e9mie Alison Wave peuvent b\u00e9n\u00e9ficier de ce programme et ainsi participer aux 4 \u00e9v\u00e9nements 2018<br \/>\n<\/span><\/strong><\/h5>\n<p><span style=\"color: #3366ff;\"><strong><span style=\"color: #800080;\">&#8211; 15 septembre \u00e0 Antibes dans les Alpes-Maritimes :<\/span> 3e TROPH\u00c9E WILD MOVE<\/strong><\/span><\/p>\n<p><span style=\"color: #3366ff;\"><strong><span style=\"color: #800080;\">&#8211; 20-21 octobre \u00e0 Alassio, Italie<\/span> : ALASSIO FRENCH WATER WALKING<\/strong><\/span><\/p>\n<p><span style=\"color: #3366ff;\"><strong><span style=\"color: #800080;\">&#8211; 11 novembre \u00e0 La Napoule dans les Alpes-Maritimes<\/span> : TRAIL LONGE COTE DE LA NAPOULE<\/strong><\/span><\/p>\n<p><span style=\"color: #3366ff;\"><strong><span style=\"color: #800080;\">&#8211; 15 d\u00e9cembre \u00e0 Hy\u00e8res dans le Var<\/span> : HY\u00c8RES RUNNING DAYS et son Ultra Longe C\u00f4te de 4km en quinte.<\/strong><\/span><\/p>\n<h4 style=\"text-align: center;\"><span style=\"color: #0000ff;\"><strong>L&rsquo;ACAD\u00c9MIE ALISON WAVE : A CONSCIOUS SPORT LIFE<\/strong><\/span><\/h4>\n<p><img decoding=\"async\" loading=\"lazy\" class=\"wp-image-1953 size-medium\" src=\"https:\/\/alisonwaveattitude.com\/wp-content\/uploads\/2016\/01\/2016-08-29-22.47.29-587x300.jpg\" alt=\"2016-08-29 22.47.29\" width=\"587\" height=\"300\" srcset=\"https:\/\/alisonwaveattitude.com\/wp-content\/uploads\/2016\/01\/2016-08-29-22.47.29-587x300.jpg 587w, https:\/\/alisonwaveattitude.com\/wp-content\/uploads\/2016\/01\/2016-08-29-22.47.29-300x153.jpg 300w, https:\/\/alisonwaveattitude.com\/wp-content\/uploads\/2016\/01\/2016-08-29-22.47.29-1024x523.jpg 1024w\" sizes=\"(max-width: 587px) 100vw, 587px\" \/><\/p>\n","protected":false},"excerpt":{"rendered":"<p>&nbsp; L&rsquo;ACAD\u00c9MIE ALISON WAVE est un Centre sportif d\u00e9di\u00e9 \u00e0 la Marche aquatique \/ Longe C\u00f4te pour les jeunes de 10 \u00e0 25 ans,<a class=\"moretag\" href=\"https:\/\/alisonwaveattitude.com\/?page_id=1438\">Read More&#8230;<\/a><\/p>\n","protected":false},"author":1,"featured_media":0,"parent":0,"menu_order":0,"comment_status":"closed","ping_status":"closed","template":"","meta":[],"_links":{"self":[{"href":"https:\/\/alisonwaveattitude.com\/index.php?rest_route=\/wp\/v2\/pages\/1438"}],"collection":[{"href":"https:\/\/alisonwaveattitude.com\/index.php?rest_route=\/wp\/v2\/pages"}],"about":[{"href":"https:\/\/alisonwaveattitude.com\/index.php?rest_route=\/wp\/v2\/types\/page"}],"author":[{"embeddable":true,"href":"https:\/\/alisonwaveattitude.com\/index.php?rest_route=\/wp\/v2\/users\/1"}],"replies":[{"embeddable":true,"href":"https:\/\/alisonwaveattitude.com\/index.php?rest_route=%2Fwp%2Fv2%2Fcomments&post=1438"}],"version-history":[{"count":48,"href":"https:\/\/alisonwaveattitude.com\/index.php?rest_route=\/wp\/v2\/pages\/1438\/revisions"}],"predecessor-version":[{"id":2663,"href":"https:\/\/alisonwaveattitude.com\/index.php?rest_route=\/wp\/v2\/pages\/1438\/revisions\/2663"}],"wp:attachment":[{"href":"https:\/\/alisonwaveattitude.com\/index.php?rest_route=%2Fwp%2Fv2%2Fmedia&parent=1438"}],"curies":[{"name":"wp","href":"https:\/\/api.w.org\/{rel}","templated":true}]}}